{"id":34,"date":"2024-03-05T16:59:27","date_gmt":"2024-03-05T15:59:27","guid":{"rendered":"https:\/\/test.it-u.at\/?page_id=34"},"modified":"2026-02-18T14:48:11","modified_gmt":"2026-02-18T13:48:11","slug":"imprint","status":"publish","type":"page","link":"https:\/\/it-u.at\/en\/imprint\/","title":{"rendered":":imprint"},"content":{"rendered":"\n<div class=\"wp-block-group has-addons-font-size has-global-padding is-layout-constrained wp-container-core-group-is-layout-1 wp-block-group-is-layout-constrained\">\n<p class=\"has-copy-small-font-size\"><strong>Imprint\/disclosure\/information on the service provider <\/strong>in accordance with \u00a7\u00a7 24, 25 Media Act and \u00a7 5 E-Commerce Act<\/p>\n\n\n\n<p class=\"has-copy-small-font-size\"><strong>Information on the media owner, publisher, editors, service provider as defined by the<\/strong> <strong>E-Commerce Act<\/strong><\/p>\n\n\n\n<p class=\"has-copy-small-font-size\"><strong>Media owner\/publisher\/service provider:<\/strong><br>Interdisciplinary Transformation University (IT:U)<\/p>\n\n\n\n<p class=\"has-copy-small-font-size\"><strong>Address\/registered office:<\/strong><br>Freist\u00e4dter Stra\u00dfe 400 | Stiege 1 | OG1<br>4040 Linz | Austria<\/p>\n\n\n\n<p class=\"has-copy-small-font-size\"><strong>Telephone number:<\/strong><br><span id=\"eeb-43689-649084\"><\/span><script type=\"text\/javascript\">(function(){var ml=\"\",mi=\"\",o=\"\";for(var j=0,l=mi.length;j<l;j++){o+=ml.charAt(mi.charCodeAt(j)-48);}document.getElementById(\"eeb-43689-649084\").innerHTML = decodeURIComponent(o);}());<\/script><noscript>*protected*<\/noscript><a href=\"tel:+43 676 851 307 230\">+43 676 851 307 230<\/a><span id=\"eeb-691703-973881\"><\/span><script type=\"text\/javascript\">(function(){var ml=\"\",mi=\"\",o=\"\";for(var j=0,l=mi.length;j<l;j++){o+=ml.charAt(mi.charCodeAt(j)-48);}document.getElementById(\"eeb-691703-973881\").innerHTML = decodeURIComponent(o);}());<\/script><noscript>*protected*<\/noscript><\/p>\n\n\n\n<p class=\"has-copy-small-font-size\"><strong>Contact details:&nbsp;<\/strong><br><a href=\"mailto:office@it-u.at\">office@it-u.at<\/a><br><a href=\"https:\/\/it-u.at\">https:\/\/it-u.at<\/a><\/p>\n\n\n\n<p class=\"has-copy-small-font-size\"><strong>Value added tax identification number:&nbsp;<\/strong><br>ATU79114879<\/p>\n\n\n\n<p class=\"has-copy-small-font-size\"><strong>Legal form:<\/strong>&nbsp;<br>Legal entity under public law (Section 1 (3) Federal Act of the Institute of Digital Sciences Austria \u2013 Federal Law Gazette I No. 43\/2024 \u2013 \u201cIT:U Act\u201d)<\/p>\n\n\n\n<h2 class=\"wp-block-heading has-addons-font-size\">Authorized representative bodies:<\/h2>\n\n\n\n<p class=\"has-copy-small-font-size\"><strong>Founding President:<\/strong> Univ.-Prof. Dipl.-Inf. Dr. Stefanie Lindstaedt<\/p>\n\n\n\n<p class=\"has-copy-small-font-size\"><strong>Founding Convent:<\/strong><\/p>\n\n\n\n<p class=\"has-copy-small-font-size\">Supervisory body of the university in the founding phase<\/p>\n\n\n\n<p class=\"has-copy-small-font-size\"><strong>Chairman:<\/strong><br>Dipl.-Ing. Claudia von der Linden, MBA (IMD)<br><br><strong>Vice-Chairmen:<\/strong><br>Dr. Christina Rami-Mark&nbsp;<br>Univ.-Prof. Dipl.-Ing. Dr. Martin Hitz<br><br><strong>Members:<\/strong><br>Univ.-Prof. Dipl.Ing. Dr.Dr.h.c. Wilfried Eichlseder<br>Prof. Dr. Dieter Kranzlm\u00fcller<br>DI Katja Schechtner, MSc<br>Dr. Wolfgang Steiner<\/p>\n\n\n\n<h2 class=\"wp-block-heading has-addons-font-size\">Corporate purpose &#8211; tasks and scope of action<\/h2>\n\n\n\n<p class=\"has-copy-small-font-size\">Section 2 (1) of the IT:U Act<br>The university&#8217;s field of activity encompasses digitalization and digital transformation in a broad and interdisciplinary understanding that also includes the arts. The intended interdisciplinarity &#8211; also through the use of inter-university cooperation &#8211; is intended to achieve an interaction in particular between technical, scientific, economic, legal, social science, humanities and cultural studies as well as artistic disciplines. Research fields and courses are dedicated to all dimensions of digitalization and its transformative effects on science, art, society and the economy as well as the conception, application and potential of digital design possibilities.<\/p>\n\n\n\n<h2 class=\"wp-block-heading has-addons-font-size\">Applicable legal provisions<\/h2>\n\n\n\n<p class=\"has-copy-small-font-size\">Federal Act of the Institute of Digital Sciences Austria (Interdisciplinary Transformation University), Federal Law Gazette I No. 43\/2024 \u2013 \u201cIT:U Act\u201d.<\/p>\n\n\n\n<p class=\"has-copy-small-font-size\">Sections 1 and 2 of the Research Organization Act (FOG), Federal Law Gazette No. 341\/1981;<\/p>\n\n\n\n<p class=\"has-copy-small-font-size\"><a href=\"https:\/\/it-u.at\/en\/corporate-governance-reports-b-pcgk\/\">The Federal Public Corporate Governance Code (B-PCGK).<\/a><\/p>\n\n\n\n<p><a href=\"https:\/\/it-u.at\/en\/annual-financial-statement\/\">Annual Financial Statement<\/a><\/p>\n\n\n\n<h2 class=\"wp-block-heading has-addons-font-size\">Basic direction<\/h2>\n\n\n\n<p class=\"has-copy-small-font-size\">The purpose of the website of the IT:U Interdisciplinary Transformation University Austria is to inform the public about matters concerning the IT:U Interdisciplinary Transformation University Austria in the areas of teaching and research and to provide information from the Institute of Digital Sciences Austria on organizational and administrative issues.<\/p>\n\n\n\n<h2 class=\"wp-block-heading has-addons-font-size\">Disclaimer<\/h2>\n\n\n\n<p class=\"has-copy-small-font-size\">The information on this website has been compiled by the IT:U Interdisciplinary Transformation University Austria with the greatest possible care. Nevertheless, no guarantee can be given for the topicality, correctness, completeness or quality of the information and data provided. Liability claims against the IT:U Interdisciplinary Transformation University Austria or the authors or persons responsible for this website for damages of any kind are excluded. No liability can be accepted for the content of any links that lead to pages outside the area of responsibility of the Institute of Digital Sciences Austria. The IT:U Interdisciplinary Transformation University Austria reserves the right to change, supplement or delete the content of this website in whole or in part at any time. The IT:U Interdisciplinary Transformation University Austria accepts no liability for any resulting consequences.<\/p>\n\n\n\n<h2 class=\"wp-block-heading has-addons-font-size\">Copyright<\/h2>\n\n\n\n<p class=\"has-copy-small-font-size\">All content and works on this website are protected by copyright. Any kind of use, exploitation and\/or distribution requires the written consent of the IT:U Interdisciplinary Transformation University Austria.<\/p>\n\n\n\n<h2 class=\"wp-block-heading has-addons-font-size\">Photo Credits<\/h2>\n\n\n\n<p class=\"has-copy-small-font-size\">The rights to the photos on this website belong to the respective photographer. The photos used on the website come from various sources, including:<\/p>\n\n\n\n<p class=\"has-copy-small-font-size\">Felix B\u00fcchele<br>Andreas R\u00f6bl<br>fotokerschi<br>Antje Wolm<br>Patrick M\u00fcnnich<br>Adobe Stock<br>Ars Electronica<br>IT:U<\/p>\n\n\n\n<h2 class=\"wp-block-heading has-addons-font-size\">Whistleblowing Channel<\/h2>\n\n\n\n<p class=\"has-copy-small-font-size\">As part of our commitment under the Whistleblower Protection Act, the Whistleblower Ombudsperson Office at Burgstaller &amp; Partner (Attorneys at law) is open for the submission of reports regarding potential breaches at <a href=\"https:\/\/it-u.whistleblowing-software.com\" target=\"_blank\" rel=\"noreferrer noopener\">https:\/\/it-u.whistleblowing-software.com<\/a>.<\/p>\n\n\n\n<div class=\" alignfull wp-block-atom-content-teaser\">\n\n    \n<div class=\"content-teaser text-img small-image has-atom-bg-light-background-color\">\n    <div class=\"container-fluid\">\n        <div class=\"row align-items-stretch flex-md-row-reverse\">\n            <div class=\"col-12 col-md-6 col-lg-4 teaser-image-container\">\n                <img loading=\"lazy\" decoding=\"async\" width=\"1800\" height=\"560\" src=\"https:\/\/it-u.at\/wp-content\/uploads\/2025\/06\/11\/it_u-logo-rgb-long_1-1800x560.png\" class=\"teaser-image image-contain\" alt=\"\" srcset=\"https:\/\/it-u.at\/wp-content\/uploads\/2025\/06\/11\/it_u-logo-rgb-long_1-1800x560.png 1800w, https:\/\/it-u.at\/wp-content\/uploads\/2025\/06\/11\/it_u-logo-rgb-long_1-300x93.png 300w, https:\/\/it-u.at\/wp-content\/uploads\/2025\/06\/11\/it_u-logo-rgb-long_1-1024x319.png 1024w, https:\/\/it-u.at\/wp-content\/uploads\/2025\/06\/11\/it_u-logo-rgb-long_1-768x239.png 768w, https:\/\/it-u.at\/wp-content\/uploads\/2025\/06\/11\/it_u-logo-rgb-long_1-1536x478.png 1536w, https:\/\/it-u.at\/wp-content\/uploads\/2025\/06\/11\/it_u-logo-rgb-long_1-2048x637.png 2048w\" sizes=\"(max-width: 1800px) 100vw, 1800px\" \/>            <\/div>\n            <div class=\"col-12 col-md-6 col-lg-8 text-container\">\n                <div class=\"acf-innerblocks-container\">\n\n<h2 class=\"wp-block-heading has-addons-font-size\">Official signature \u2013 figurative mark<\/h2>\n\n\n\n<p class=\"has-copy-small-font-size\">Publication of the figurative mark of IT:U Interdisciplinary Transformation University Austria pursuant to \u00a7 19 para. 3 E-GovG.<\/p>\n\n\n\n<p class=\"has-copy-small-font-size\">IT:U Interdisciplinary Transformation University Austria uses the following figurative mark for documents officially signed electronically:<\/p>\n\n\n\n<div class=\"wp-block-buttons is-layout-flex wp-block-buttons-is-layout-flex\"><\/div>\n\n<\/div>            <\/div>\n        <\/div>\n    <\/div>\n    <\/div>\n\n\n<\/div><\/div>\n\n\n<div class=\" align wp-block-atom-downloads-box\">\n    <div class=\"row\">\n        <div class=\"col-12 col-md-4\">\n            <h2 class=\"has-h-4-font-size mt-1\">\n                Download            <\/h2>\n        <\/div>\n        <div class=\"col-12 col-md-8\">\n            <a href=\"https:\/\/it-u.at\/wp-content\/uploads\/2024\/10\/21\/official-signature.png\" target=\"_blank\" class=\"download-link\" download>\n                        Official signature of the IT:U Interdisciplinary Transformation University Austria-PNG\n                    <\/a><a href=\"https:\/\/it-u.at\/wp-content\/uploads\/2024\/10\/22\/official-signature.jpg\" target=\"_blank\" class=\"download-link\" download>\n                        Official signature of the IT:U Interdisciplinary Transformation University Austria-JPG\n                    <\/a>        <\/div>\n    <\/div>\n<\/div>\n\n\n<p><\/p>\n","protected":false},"excerpt":{"rendered":"<p>Imprint\/disclosure\/information on the service provider in accordance with \u00a7\u00a7 24, 25 Media Act and \u00a7 5 E-Commerce Act Information on the media owner, publisher, editors, service provider as defined by the E-Commerce Act Media owner\/publisher\/service provider:Interdisciplinary Transformation University (IT:U) Address\/registered office:Freist\u00e4dter Stra\u00dfe 400 | Stiege 1 | OG14040 Linz | Austria Telephone number:+43 676 851 [&hellip;]<\/p>\n","protected":false},"author":1,"featured_media":0,"parent":0,"menu_order":0,"comment_status":"closed","ping_status":"closed","template":"","meta":{"_acf_changed":false,"footnotes":""},"acf":[],"yoast_head":"<!-- This site is optimized with the Yoast SEO plugin v22.5 - https:\/\/yoast.com\/wordpress\/plugins\/seo\/ -->\n<title>:imprint | IT:U<\/title>\n<meta name=\"robots\" content=\"index, follow, max-snippet:-1, max-image-preview:large, max-video-preview:-1\" \/>\n<link rel=\"canonical\" href=\"https:\/\/it-u.at\/en\/imprint\/\" \/>\n<meta property=\"og:locale\" content=\"en_US\" \/>\n<meta property=\"og:type\" content=\"article\" \/>\n<meta property=\"og:title\" content=\":imprint | IT:U\" \/>\n<meta property=\"og:description\" content=\"Imprint\/disclosure\/information on the service provider in accordance with \u00a7\u00a7 24, 25 Media Act and \u00a7 5 E-Commerce Act Information on the media owner, publisher, editors, service provider as defined by the E-Commerce Act Media owner\/publisher\/service provider:Interdisciplinary Transformation University (IT:U) Address\/registered office:Freist\u00e4dter Stra\u00dfe 400 | Stiege 1 | OG14040 Linz | Austria Telephone number:+43 676 851 [&hellip;]\" \/>\n<meta property=\"og:url\" content=\"https:\/\/it-u.at\/en\/imprint\/\" \/>\n<meta property=\"og:site_name\" content=\"IT:U\" \/>\n<meta property=\"article:modified_time\" content=\"2026-02-18T13:48:11+00:00\" \/>\n<meta property=\"og:image\" content=\"https:\/\/it-u.at\/wp-content\/uploads\/2024\/09\/09\/itu-og-image.jpg\" \/>\n\t<meta property=\"og:image:width\" content=\"1200\" \/>\n\t<meta property=\"og:image:height\" content=\"630\" \/>\n\t<meta property=\"og:image:type\" content=\"image\/jpeg\" \/>\n<meta name=\"twitter:card\" content=\"summary_large_image\" \/>\n<meta name=\"twitter:label1\" content=\"Est. reading time\" \/>\n\t<meta name=\"twitter:data1\" content=\"3 minutes\" \/>\n<script type=\"application\/ld+json\" class=\"yoast-schema-graph\">{\"@context\":\"https:\/\/schema.org\",\"@graph\":[{\"@type\":\"WebPage\",\"@id\":\"https:\/\/it-u.at\/en\/imprint\/\",\"url\":\"https:\/\/it-u.at\/en\/imprint\/\",\"name\":\":imprint | IT:U\",\"isPartOf\":{\"@id\":\"https:\/\/it-u.at\/en\/#website\"},\"datePublished\":\"2024-03-05T15:59:27+00:00\",\"dateModified\":\"2026-02-18T13:48:11+00:00\",\"breadcrumb\":{\"@id\":\"https:\/\/it-u.at\/en\/imprint\/#breadcrumb\"},\"inLanguage\":\"en-US\",\"potentialAction\":[{\"@type\":\"ReadAction\",\"target\":[\"https:\/\/it-u.at\/en\/imprint\/\"]}]},{\"@type\":\"BreadcrumbList\",\"@id\":\"https:\/\/it-u.at\/en\/imprint\/#breadcrumb\",\"itemListElement\":[{\"@type\":\"ListItem\",\"position\":1,\"name\":\"home\",\"item\":\"https:\/\/it-u.at\/en\/\"},{\"@type\":\"ListItem\",\"position\":2,\"name\":\"imprint\"}]},{\"@type\":\"WebSite\",\"@id\":\"https:\/\/it-u.at\/en\/#website\",\"url\":\"https:\/\/it-u.at\/en\/\",\"name\":\"it:u\",\"description\":\"\",\"publisher\":{\"@id\":\"https:\/\/it-u.at\/en\/#organization\"},\"potentialAction\":[{\"@type\":\"SearchAction\",\"target\":{\"@type\":\"EntryPoint\",\"urlTemplate\":\"https:\/\/it-u.at\/en\/?s={search_term_string}\"},\"query-input\":\"required name=search_term_string\"}],\"inLanguage\":\"en-US\"},{\"@type\":\"Organization\",\"@id\":\"https:\/\/it-u.at\/en\/#organization\",\"name\":\"it:u - interdisciplinary transformation university austria\",\"url\":\"https:\/\/it-u.at\/en\/\",\"logo\":{\"@type\":\"ImageObject\",\"inLanguage\":\"en-US\",\"@id\":\"https:\/\/it-u.at\/en\/#\/schema\/logo\/image\/\",\"url\":\"https:\/\/it-u.at\/wp-content\/uploads\/2024\/09\/06\/itu-org-logo.jpg\",\"contentUrl\":\"https:\/\/it-u.at\/wp-content\/uploads\/2024\/09\/06\/itu-org-logo.jpg\",\"width\":696,\"height\":696,\"caption\":\"it:u - interdisciplinary transformation university austria\"},\"image\":{\"@id\":\"https:\/\/it-u.at\/en\/#\/schema\/logo\/image\/\"}}]}<\/script>\n<!-- \/ Yoast SEO plugin. -->","yoast_head_json":{"title":":imprint | IT:U","robots":{"index":"index","follow":"follow","max-snippet":"max-snippet:-1","max-image-preview":"max-image-preview:large","max-video-preview":"max-video-preview:-1"},"canonical":"https:\/\/it-u.at\/en\/imprint\/","og_locale":"en_US","og_type":"article","og_title":":imprint | IT:U","og_description":"Imprint\/disclosure\/information on the service provider in accordance with \u00a7\u00a7 24, 25 Media Act and \u00a7 5 E-Commerce Act Information on the media owner, publisher, editors, service provider as defined by the E-Commerce Act Media owner\/publisher\/service provider:Interdisciplinary Transformation University (IT:U) Address\/registered office:Freist\u00e4dter Stra\u00dfe 400 | Stiege 1 | OG14040 Linz | Austria Telephone number:+43 676 851 [&hellip;]","og_url":"https:\/\/it-u.at\/en\/imprint\/","og_site_name":"IT:U","article_modified_time":"2026-02-18T13:48:11+00:00","og_image":[{"width":1200,"height":630,"url":"https:\/\/it-u.at\/wp-content\/uploads\/2024\/09\/09\/itu-og-image.jpg","type":"image\/jpeg"}],"twitter_card":"summary_large_image","twitter_misc":{"Est. reading time":"3 minutes"},"schema":{"@context":"https:\/\/schema.org","@graph":[{"@type":"WebPage","@id":"https:\/\/it-u.at\/en\/imprint\/","url":"https:\/\/it-u.at\/en\/imprint\/","name":":imprint | IT:U","isPartOf":{"@id":"https:\/\/it-u.at\/en\/#website"},"datePublished":"2024-03-05T15:59:27+00:00","dateModified":"2026-02-18T13:48:11+00:00","breadcrumb":{"@id":"https:\/\/it-u.at\/en\/imprint\/#breadcrumb"},"inLanguage":"en-US","potentialAction":[{"@type":"ReadAction","target":["https:\/\/it-u.at\/en\/imprint\/"]}]},{"@type":"BreadcrumbList","@id":"https:\/\/it-u.at\/en\/imprint\/#breadcrumb","itemListElement":[{"@type":"ListItem","position":1,"name":"home","item":"https:\/\/it-u.at\/en\/"},{"@type":"ListItem","position":2,"name":"imprint"}]},{"@type":"WebSite","@id":"https:\/\/it-u.at\/en\/#website","url":"https:\/\/it-u.at\/en\/","name":"it:u","description":"","publisher":{"@id":"https:\/\/it-u.at\/en\/#organization"},"potentialAction":[{"@type":"SearchAction","target":{"@type":"EntryPoint","urlTemplate":"https:\/\/it-u.at\/en\/?s={search_term_string}"},"query-input":"required name=search_term_string"}],"inLanguage":"en-US"},{"@type":"Organization","@id":"https:\/\/it-u.at\/en\/#organization","name":"it:u - interdisciplinary transformation university austria","url":"https:\/\/it-u.at\/en\/","logo":{"@type":"ImageObject","inLanguage":"en-US","@id":"https:\/\/it-u.at\/en\/#\/schema\/logo\/image\/","url":"https:\/\/it-u.at\/wp-content\/uploads\/2024\/09\/06\/itu-org-logo.jpg","contentUrl":"https:\/\/it-u.at\/wp-content\/uploads\/2024\/09\/06\/itu-org-logo.jpg","width":696,"height":696,"caption":"it:u - interdisciplinary transformation university austria"},"image":{"@id":"https:\/\/it-u.at\/en\/#\/schema\/logo\/image\/"}}]}},"_links":{"self":[{"href":"https:\/\/it-u.at\/en\/wp-json\/wp\/v2\/pages\/34"}],"collection":[{"href":"https:\/\/it-u.at\/en\/wp-json\/wp\/v2\/pages"}],"about":[{"href":"https:\/\/it-u.at\/en\/wp-json\/wp\/v2\/types\/page"}],"author":[{"embeddable":true,"href":"https:\/\/it-u.at\/en\/wp-json\/wp\/v2\/users\/1"}],"replies":[{"embeddable":true,"href":"https:\/\/it-u.at\/en\/wp-json\/wp\/v2\/comments?post=34"}],"version-history":[{"count":35,"href":"https:\/\/it-u.at\/en\/wp-json\/wp\/v2\/pages\/34\/revisions"}],"predecessor-version":[{"id":17275,"href":"https:\/\/it-u.at\/en\/wp-json\/wp\/v2\/pages\/34\/revisions\/17275"}],"wp:attachment":[{"href":"https:\/\/it-u.at\/en\/wp-json\/wp\/v2\/media?parent=34"}],"curies":[{"name":"wp","href":"https:\/\/api.w.org\/{rel}","templated":true}]}}