{"id":14288,"date":"2025-10-03T22:45:59","date_gmt":"2025-10-03T20:45:59","guid":{"rendered":"https:\/\/it-u.at\/?page_id=14288"},"modified":"2025-10-06T14:47:24","modified_gmt":"2025-10-06T12:47:24","slug":"workshop-anmeldung","status":"publish","type":"page","link":"https:\/\/it-u.at\/de\/digitalstadtstudio\/workshop-anmeldung\/","title":{"rendered":":workshop anmeldung"},"content":{"rendered":"\n<div class=\"col-12 col-md-6 col-lg-6 align wp-block-atom-box\">\n\n            <div class=\"box with-bar has-white-background-color\">\n                \n        <div class=\"is-layout-constrained\">\n\n<h2 class=\"wp-block-heading\" style=\"margin-top:var(--wp--preset--spacing--2);margin-bottom:var(--wp--preset--spacing--2)\">Anmeldung<\/h2>\n\n\n\n<div class=\"wpcf7 no-js\" id=\"wpcf7-f14287-o1\" lang=\"en-US\" dir=\"ltr\">\n<div class=\"screen-reader-response\"><p role=\"status\" aria-live=\"polite\" aria-atomic=\"true\"><\/p> <ul><\/ul><\/div>\n<form action=\"\/de\/wp-json\/wp\/v2\/pages\/14288#wpcf7-f14287-o1\" method=\"post\" class=\"wpcf7-form init\" aria-label=\"Contact form\" novalidate=\"novalidate\" data-status=\"init\">\n<div style=\"display: none;\">\n<input type=\"hidden\" name=\"_wpcf7\" value=\"14287\" \/>\n<input type=\"hidden\" name=\"_wpcf7_version\" value=\"5.9.3\" \/>\n<input type=\"hidden\" name=\"_wpcf7_locale\" value=\"en_US\" \/>\n<input type=\"hidden\" name=\"_wpcf7_unit_tag\" value=\"wpcf7-f14287-o1\" \/>\n<input type=\"hidden\" name=\"_wpcf7_container_post\" value=\"0\" \/>\n<input type=\"hidden\" name=\"_wpcf7_posted_data_hash\" value=\"\" \/>\n<input type=\"hidden\" name=\"_wpcf7cf_hidden_group_fields\" value=\"[]\" \/>\n<input type=\"hidden\" name=\"_wpcf7cf_hidden_groups\" value=\"[]\" \/>\n<input type=\"hidden\" name=\"_wpcf7cf_visible_groups\" value=\"[]\" \/>\n<input type=\"hidden\" name=\"_wpcf7cf_repeaters\" value=\"[]\" \/>\n<input type=\"hidden\" name=\"_wpcf7cf_steps\" value=\"{}\" \/>\n<input type=\"hidden\" name=\"_wpcf7cf_options\" value=\"{&quot;form_id&quot;:14287,&quot;conditions&quot;:[{&quot;then_field&quot;:&quot;-1&quot;,&quot;and_rules&quot;:[{&quot;if_field&quot;:&quot;-1&quot;,&quot;operator&quot;:&quot;equals&quot;,&quot;if_value&quot;:&quot;a job&quot;}]},{&quot;then_field&quot;:&quot;-1&quot;,&quot;and_rules&quot;:[{&quot;if_field&quot;:&quot;-1&quot;,&quot;operator&quot;:&quot;not empty&quot;,&quot;if_value&quot;:&quot;&quot;}]}],&quot;settings&quot;:{&quot;animation&quot;:&quot;yes&quot;,&quot;animation_intime&quot;:200,&quot;animation_outtime&quot;:200,&quot;conditions_ui&quot;:&quot;normal&quot;,&quot;notice_dismissed&quot;:false,&quot;notice_dismissed_update-cf7-5.9.5&quot;:true}}\" \/>\n<\/div>\n<p><label>Institution* <span class=\"wpcf7-form-control-wrap\" data-name=\"institution\"><input size=\"40\" class=\"wpcf7-form-control wpcf7-text wpcf7-validates-as-required\" aria-required=\"true\" aria-invalid=\"false\" value=\"\" type=\"text\" name=\"institution\" \/><\/span><\/label><br \/>\n<label>Adresse* <span class=\"wpcf7-form-control-wrap\" data-name=\"address\"><input size=\"40\" class=\"wpcf7-form-control wpcf7-text wpcf7-validates-as-required\" aria-required=\"true\" aria-invalid=\"false\" value=\"\" type=\"text\" name=\"address\" \/><\/span><\/label><br \/>\n<label>Bildungsstufe* <span class=\"wpcf7-form-control-wrap\" data-name=\"educational-level\"><select class=\"wpcf7-form-control wpcf7-select wpcf7-validates-as-required\" aria-required=\"true\" aria-invalid=\"false\" name=\"educational-level\"><option value=\"Primarstufe\" selected=\"selected\">Primarstufe<\/option><option value=\"Sekundarstufe I\">Sekundarstufe I<\/option><option value=\"Sekundarstufe II\">Sekundarstufe II<\/option><option value=\"FH\">FH<\/option><option value=\"Universit\u00e4t\">Universit\u00e4t<\/option><option value=\"Fortbildung\">Fortbildung<\/option><option value=\"Fachausbildung\">Fachausbildung<\/option><option value=\"Erwachsenenbildung\">Erwachsenenbildung<\/option><option value=\"Sonstiges\">Sonstiges<\/option><\/select><\/span><\/label><br \/>\n<label>Klasse\/Schulstufe <span class=\"wpcf7-form-control-wrap\" data-name=\"grade-level\"><input class=\"wpcf7-form-control wpcf7-number wpcf7-validates-as-number\" min=\"1\" max=\"20\" aria-invalid=\"false\" value=\"\" type=\"number\" name=\"grade-level\" \/><\/span><\/label>\n<\/p>\n<p><strong>Anzahl der Kinder und Jugendlichen<\/strong>\n<\/p>\n<div class=\"row\">\n\t<div class=\"col-12 col-md-4\">\n\t\t<p><label>Weiblich <span class=\"wpcf7-form-control-wrap\" data-name=\"number-female\"><input class=\"wpcf7-form-control wpcf7-number wpcf7-validates-as-number\" min=\"0\" max=\"9999\" aria-invalid=\"false\" value=\"\" type=\"number\" name=\"number-female\" \/><\/span><\/label>\n\t\t<\/p>\n\t<\/div>\n\t<div class=\"col-12 col-md-4\">\n\t\t<p><label>M\u00e4nnlich <span class=\"wpcf7-form-control-wrap\" data-name=\"number-male\"><input class=\"wpcf7-form-control wpcf7-number wpcf7-validates-as-number\" min=\"0\" max=\"9999\" aria-invalid=\"false\" value=\"\" type=\"number\" name=\"number-male\" \/><\/span><\/label>\n\t\t<\/p>\n\t<\/div>\n\t<div class=\"col-12 col-md-4\">\n\t\t<p><label>Divers <span class=\"wpcf7-form-control-wrap\" data-name=\"number-diverse\"><input class=\"wpcf7-form-control wpcf7-number wpcf7-validates-as-number\" min=\"0\" max=\"9999\" aria-invalid=\"false\" value=\"\" type=\"number\" name=\"number-diverse\" \/><\/span><\/label>\n\t\t<\/p>\n\t<\/div>\n<\/div>\n<p><label>M\u00f6gliche Abhaltungstermine* <span class=\"wpcf7-form-control-wrap\" data-name=\"workshop-dates\"><input size=\"40\" class=\"wpcf7-form-control wpcf7-text wpcf7-validates-as-required\" aria-required=\"true\" aria-invalid=\"false\" value=\"\" type=\"text\" name=\"workshop-dates\" \/><\/span><\/label>\n<\/p>\n<p><label>Workshop-Dauer (Stunden)* <span class=\"wpcf7-form-control-wrap\" data-name=\"workshop-duration\"><input class=\"wpcf7-form-control wpcf7-number wpcf7-validates-as-required wpcf7-validates-as-number\" min=\"0\" max=\"9999\" aria-required=\"true\" aria-invalid=\"false\" value=\"\" type=\"number\" name=\"workshop-duration\" \/><\/span><\/label><br \/>\n<label>Workshop* <span class=\"wpcf7-form-control-wrap workshop\"><select class=\"wpcf7-form-control wpcf7-itu_events wpcf7-validates-as-required wpcf7-select\" name=\"workshop\" aria-required=\"true\"><option value=\"GeoAI &#8211; interaktive Social Media Analyse\">GeoAI &#8211; interaktive Social Media Analyse<\/option><option value=\"KI &amp; Gesellschaft\">KI &amp; Gesellschaft<\/option><option value=\"KI &amp; unsere Daten\">KI &amp; unsere Daten<\/option><option value=\"KI im Alltag\">KI im Alltag<\/option><option value=\"Miss deine Umwelt\">Miss deine Umwelt<\/option><option value=\"Social Media &amp; ich\">Social Media &amp; ich<\/option><option value=\"Social Media Worlds\">Social Media Worlds<\/option><option value=\"Quanten Computer f\u00fcr Neulinge\">Quanten Computer f\u00fcr Neulinge<\/option><\/select><\/span><\/label>\n<\/p>\n<p><label>Vorhandenes Vorwissen der Teilnehmenden zum Thema? <span class=\"wpcf7-form-control-wrap\" data-name=\"existing-knowledge\"><textarea cols=\"40\" rows=\"10\" class=\"wpcf7-form-control wpcf7-textarea\" aria-invalid=\"false\" name=\"existing-knowledge\"><\/textarea><\/span><\/label><br \/>\n<label>Was erwarten Sie sich bzw. die Kinder und Jugendlichen vom Workshop?\/Motivation <span class=\"wpcf7-form-control-wrap\" data-name=\"motivation\"><textarea cols=\"40\" rows=\"10\" class=\"wpcf7-form-control wpcf7-textarea\" aria-invalid=\"false\" name=\"motivation\"><\/textarea><\/span><\/label><br \/>\n<label>Weitere Anmerkungen zur Umsetzung (Inklusion, Sprache ...) <span class=\"wpcf7-form-control-wrap\" data-name=\"additional-info\"><textarea cols=\"40\" rows=\"10\" class=\"wpcf7-form-control wpcf7-textarea\" aria-invalid=\"false\" name=\"additional-info\"><\/textarea><\/span><\/label>\n<\/p>\n<p><strong>Kontaktperson<\/strong>\n<\/p>\n<div class=\"row\">\n\t<div class=\"col-12 col-md-6\">\n\t\t<p><label>Anrede <span class=\"wpcf7-form-control-wrap\" data-name=\"contact-title\"><select class=\"wpcf7-form-control wpcf7-select\" aria-invalid=\"false\" name=\"contact-title\"><option value=\"\"><\/option><option value=\"Frau\">Frau<\/option><option value=\"Herr\">Herr<\/option><\/select><\/span><\/label>\n\t\t<\/p>\n\t<\/div>\n\t<div class=\"col-12 col-md-6\">\n\t<\/div>\n\t<div class=\"col-12 col-md-6\">\n\t\t<p><label>Vorname* <span class=\"wpcf7-form-control-wrap\" data-name=\"your-first-name\"><input size=\"40\" class=\"wpcf7-form-control wpcf7-text wpcf7-validates-as-required\" autocomplete=\"firstname\" aria-required=\"true\" aria-invalid=\"false\" value=\"\" type=\"text\" name=\"your-first-name\" \/><\/span><\/label>\n\t\t<\/p>\n\t<\/div>\n\t<div class=\"col-12 col-md-6\">\n\t\t<p><label>Nachname* <span class=\"wpcf7-form-control-wrap\" data-name=\"your-name\"><input size=\"40\" class=\"wpcf7-form-control wpcf7-text wpcf7-validates-as-required\" autocomplete=\"lastname\" aria-required=\"true\" aria-invalid=\"false\" value=\"\" type=\"text\" name=\"your-name\" \/><\/span><\/label>\n\t\t<\/p>\n\t<\/div>\n\t<div class=\"col-12 col-md-6\">\n\t\t<p><label>E-Mail-Adresse* <span class=\"wpcf7-form-control-wrap\" data-name=\"your-email\"><input size=\"40\" class=\"wpcf7-form-control wpcf7-email wpcf7-validates-as-required wpcf7-text wpcf7-validates-as-email\" autocomplete=\"email\" aria-required=\"true\" aria-invalid=\"false\" value=\"\" type=\"email\" name=\"your-email\" \/><\/span><\/label>\n\t\t<\/p>\n\t<\/div>\n\t<div class=\"col-12 col-md-6\">\n\t\t<p><label>Telefonnummer* <span class=\"wpcf7-form-control-wrap\" data-name=\"your-phone\"><input size=\"40\" class=\"wpcf7-form-control wpcf7-tel wpcf7-validates-as-required wpcf7-text wpcf7-validates-as-tel\" aria-required=\"true\" aria-invalid=\"false\" value=\"\" type=\"tel\" name=\"your-phone\" \/><\/span><\/label>\n\t\t<\/p>\n\t<\/div>\n<\/div>\n<p><label>Wie\/wo haben Sie vom Angebot erfahren? <span class=\"wpcf7-form-control-wrap\" data-name=\"referral-source\"><textarea cols=\"40\" rows=\"10\" class=\"wpcf7-form-control wpcf7-textarea\" aria-invalid=\"false\" name=\"referral-source\"><\/textarea><\/span><\/label>\n<\/p>\n<p class=\"has-copy-small-font-size\">Ihre Daten werden gem\u00e4\u00df der EU-Datenschutz-Grundverordnung (DSGVO) verarbeitet. Ausf\u00fchrliche Informationen finden Sie in unserer <a href=\"https:\/\/it-u.at\/en\/privacy\/\" target=\"_blank\">Datenschutzerkl\u00e4rung<\/a>.\n<\/p>\n<p><div class=\"frc-captcha \" data-sitekey=\"FCMLITS52O2GH05M\" data-lang=\"de\" ><\/div>\n\t\t<noscript>You need to enable Javascript for the anti-spam check.<\/noscript><br \/>\n<input class=\"wpcf7-form-control wpcf7-submit has-spinner\" type=\"submit\" value=\":senden\" \/>\n<\/p><div class=\"wpcf7-response-output\" aria-hidden=\"true\"><\/div>\n<\/form>\n<\/div>\n\n\n<\/div>\n\n        \n            <\/div> \n        \n<\/div>","protected":false},"excerpt":{"rendered":"","protected":false},"author":1,"featured_media":0,"parent":14000,"menu_order":0,"comment_status":"closed","ping_status":"closed","template":"","meta":{"_acf_changed":false,"footnotes":""},"acf":[],"yoast_head":"<!-- This site is optimized with the Yoast SEO plugin v22.5 - https:\/\/yoast.com\/wordpress\/plugins\/seo\/ -->\n<title>:workshop anmeldung | IT:U<\/title>\n<meta name=\"robots\" content=\"index, follow, max-snippet:-1, max-image-preview:large, max-video-preview:-1\" \/>\n<link rel=\"canonical\" href=\"https:\/\/it-u.at\/de\/digitalstadtstudio\/workshop-anmeldung\/\" \/>\n<meta property=\"og:locale\" content=\"de_DE\" \/>\n<meta property=\"og:type\" content=\"article\" \/>\n<meta property=\"og:title\" content=\":workshop anmeldung | IT:U\" \/>\n<meta property=\"og:url\" content=\"https:\/\/it-u.at\/de\/digitalstadtstudio\/workshop-anmeldung\/\" \/>\n<meta property=\"og:site_name\" content=\"IT:U\" \/>\n<meta property=\"article:modified_time\" content=\"2025-10-06T12:47:24+00:00\" \/>\n<meta property=\"og:image\" content=\"https:\/\/it-u.at\/wp-content\/uploads\/2024\/09\/09\/itu-og-image.jpg\" \/>\n\t<meta property=\"og:image:width\" content=\"1200\" \/>\n\t<meta property=\"og:image:height\" content=\"630\" \/>\n\t<meta property=\"og:image:type\" content=\"image\/jpeg\" \/>\n<meta name=\"twitter:card\" content=\"summary_large_image\" \/>\n<meta name=\"twitter:label1\" content=\"Gesch\u00e4tzte Lesezeit\" \/>\n\t<meta name=\"twitter:data1\" content=\"1\u00a0Minute\" \/>\n<script type=\"application\/ld+json\" class=\"yoast-schema-graph\">{\"@context\":\"https:\/\/schema.org\",\"@graph\":[{\"@type\":\"WebPage\",\"@id\":\"https:\/\/it-u.at\/de\/digitalstadtstudio\/workshop-anmeldung\/\",\"url\":\"https:\/\/it-u.at\/de\/digitalstadtstudio\/workshop-anmeldung\/\",\"name\":\":workshop anmeldung | IT:U\",\"isPartOf\":{\"@id\":\"https:\/\/it-u.at\/de\/#website\"},\"datePublished\":\"2025-10-03T20:45:59+00:00\",\"dateModified\":\"2025-10-06T12:47:24+00:00\",\"breadcrumb\":{\"@id\":\"https:\/\/it-u.at\/de\/digitalstadtstudio\/workshop-anmeldung\/#breadcrumb\"},\"inLanguage\":\"de\",\"potentialAction\":[{\"@type\":\"ReadAction\",\"target\":[\"https:\/\/it-u.at\/de\/digitalstadtstudio\/workshop-anmeldung\/\"]}]},{\"@type\":\"BreadcrumbList\",\"@id\":\"https:\/\/it-u.at\/de\/digitalstadtstudio\/workshop-anmeldung\/#breadcrumb\",\"itemListElement\":[{\"@type\":\"ListItem\",\"position\":1,\"name\":\"home\",\"item\":\"https:\/\/it-u.at\/de\/\"},{\"@type\":\"ListItem\",\"position\":2,\"name\":\"Digital City Studio\",\"item\":\"https:\/\/it-u.at\/de\/digitalstadtstudio\/\"},{\"@type\":\"ListItem\",\"position\":3,\"name\":\"workshop anmeldung\"}]},{\"@type\":\"WebSite\",\"@id\":\"https:\/\/it-u.at\/de\/#website\",\"url\":\"https:\/\/it-u.at\/de\/\",\"name\":\"it:u\",\"description\":\"\",\"publisher\":{\"@id\":\"https:\/\/it-u.at\/de\/#organization\"},\"potentialAction\":[{\"@type\":\"SearchAction\",\"target\":{\"@type\":\"EntryPoint\",\"urlTemplate\":\"https:\/\/it-u.at\/de\/?s={search_term_string}\"},\"query-input\":\"required name=search_term_string\"}],\"inLanguage\":\"de\"},{\"@type\":\"Organization\",\"@id\":\"https:\/\/it-u.at\/de\/#organization\",\"name\":\"it:u - interdisciplinary transformation university austria\",\"url\":\"https:\/\/it-u.at\/de\/\",\"logo\":{\"@type\":\"ImageObject\",\"inLanguage\":\"de\",\"@id\":\"https:\/\/it-u.at\/de\/#\/schema\/logo\/image\/\",\"url\":\"https:\/\/it-u.at\/wp-content\/uploads\/2024\/09\/06\/itu-org-logo.jpg\",\"contentUrl\":\"https:\/\/it-u.at\/wp-content\/uploads\/2024\/09\/06\/itu-org-logo.jpg\",\"width\":696,\"height\":696,\"caption\":\"it:u - interdisciplinary transformation university austria\"},\"image\":{\"@id\":\"https:\/\/it-u.at\/de\/#\/schema\/logo\/image\/\"}}]}<\/script>\n<!-- \/ Yoast SEO plugin. -->","yoast_head_json":{"title":":workshop anmeldung | IT:U","robots":{"index":"index","follow":"follow","max-snippet":"max-snippet:-1","max-image-preview":"max-image-preview:large","max-video-preview":"max-video-preview:-1"},"canonical":"https:\/\/it-u.at\/de\/digitalstadtstudio\/workshop-anmeldung\/","og_locale":"de_DE","og_type":"article","og_title":":workshop anmeldung | IT:U","og_url":"https:\/\/it-u.at\/de\/digitalstadtstudio\/workshop-anmeldung\/","og_site_name":"IT:U","article_modified_time":"2025-10-06T12:47:24+00:00","og_image":[{"width":1200,"height":630,"url":"https:\/\/it-u.at\/wp-content\/uploads\/2024\/09\/09\/itu-og-image.jpg","type":"image\/jpeg"}],"twitter_card":"summary_large_image","twitter_misc":{"Gesch\u00e4tzte Lesezeit":"1\u00a0Minute"},"schema":{"@context":"https:\/\/schema.org","@graph":[{"@type":"WebPage","@id":"https:\/\/it-u.at\/de\/digitalstadtstudio\/workshop-anmeldung\/","url":"https:\/\/it-u.at\/de\/digitalstadtstudio\/workshop-anmeldung\/","name":":workshop anmeldung | IT:U","isPartOf":{"@id":"https:\/\/it-u.at\/de\/#website"},"datePublished":"2025-10-03T20:45:59+00:00","dateModified":"2025-10-06T12:47:24+00:00","breadcrumb":{"@id":"https:\/\/it-u.at\/de\/digitalstadtstudio\/workshop-anmeldung\/#breadcrumb"},"inLanguage":"de","potentialAction":[{"@type":"ReadAction","target":["https:\/\/it-u.at\/de\/digitalstadtstudio\/workshop-anmeldung\/"]}]},{"@type":"BreadcrumbList","@id":"https:\/\/it-u.at\/de\/digitalstadtstudio\/workshop-anmeldung\/#breadcrumb","itemListElement":[{"@type":"ListItem","position":1,"name":"home","item":"https:\/\/it-u.at\/de\/"},{"@type":"ListItem","position":2,"name":"Digital City Studio","item":"https:\/\/it-u.at\/de\/digitalstadtstudio\/"},{"@type":"ListItem","position":3,"name":"workshop anmeldung"}]},{"@type":"WebSite","@id":"https:\/\/it-u.at\/de\/#website","url":"https:\/\/it-u.at\/de\/","name":"it:u","description":"","publisher":{"@id":"https:\/\/it-u.at\/de\/#organization"},"potentialAction":[{"@type":"SearchAction","target":{"@type":"EntryPoint","urlTemplate":"https:\/\/it-u.at\/de\/?s={search_term_string}"},"query-input":"required name=search_term_string"}],"inLanguage":"de"},{"@type":"Organization","@id":"https:\/\/it-u.at\/de\/#organization","name":"it:u - interdisciplinary transformation university austria","url":"https:\/\/it-u.at\/de\/","logo":{"@type":"ImageObject","inLanguage":"de","@id":"https:\/\/it-u.at\/de\/#\/schema\/logo\/image\/","url":"https:\/\/it-u.at\/wp-content\/uploads\/2024\/09\/06\/itu-org-logo.jpg","contentUrl":"https:\/\/it-u.at\/wp-content\/uploads\/2024\/09\/06\/itu-org-logo.jpg","width":696,"height":696,"caption":"it:u - interdisciplinary transformation university austria"},"image":{"@id":"https:\/\/it-u.at\/de\/#\/schema\/logo\/image\/"}}]}},"_links":{"self":[{"href":"https:\/\/it-u.at\/de\/wp-json\/wp\/v2\/pages\/14288"}],"collection":[{"href":"https:\/\/it-u.at\/de\/wp-json\/wp\/v2\/pages"}],"about":[{"href":"https:\/\/it-u.at\/de\/wp-json\/wp\/v2\/types\/page"}],"author":[{"embeddable":true,"href":"https:\/\/it-u.at\/de\/wp-json\/wp\/v2\/users\/1"}],"replies":[{"embeddable":true,"href":"https:\/\/it-u.at\/de\/wp-json\/wp\/v2\/comments?post=14288"}],"version-history":[{"count":3,"href":"https:\/\/it-u.at\/de\/wp-json\/wp\/v2\/pages\/14288\/revisions"}],"predecessor-version":[{"id":14347,"href":"https:\/\/it-u.at\/de\/wp-json\/wp\/v2\/pages\/14288\/revisions\/14347"}],"up":[{"embeddable":true,"href":"https:\/\/it-u.at\/de\/wp-json\/wp\/v2\/pages\/14000"}],"wp:attachment":[{"href":"https:\/\/it-u.at\/de\/wp-json\/wp\/v2\/media?parent=14288"}],"curies":[{"name":"wp","href":"https:\/\/api.w.org\/{rel}","templated":true}]}}